{"id":2,"date":"2025-02-12T20:49:51","date_gmt":"2025-02-12T20:49:51","guid":{"rendered":"https:\/\/docetentation.com\/lux4\/?page_id=2"},"modified":"2025-10-10T11:48:17","modified_gmt":"2025-10-10T11:48:17","slug":"home","status":"publish","type":"page","link":"https:\/\/docetentation.com\/lux4\/","title":{"rendered":"Home"},"content":{"rendered":"\t\t<div data-elementor-type=\"wp-page\" data-elementor-id=\"2\" class=\"elementor elementor-2\" data-elementor-post-type=\"page\">\n\t\t\t\t<div class=\"elementor-element elementor-element-1b2e623 e-flex e-con-boxed e-con e-parent\" data-id=\"1b2e623\" data-element_type=\"container\">\n\t\t\t\t\t<div class=\"e-con-inner\">\n\t\t\t\t<div class=\"elementor-element elementor-element-f66007b elementor-widget elementor-widget-html\" data-id=\"f66007b\" data-element_type=\"widget\" data-widget_type=\"html.default\">\n\t\t\t\t<div class=\"elementor-widget-container\">\n\t\t\t\t\t<!-- PAGE D'ACCUEIL -->\n<!DOCTYPE html>\n<html lang=\"fr\">\n<head>\n    <meta charset=\"UTF-8\">\n    <meta name=\"viewport\" content=\"width=device-width, initial-scale=1.0\">\n    <title>Doce Tentation - Accueil<\/title>\n    <style>\n        body { font-family: Arial, sans-serif; margin: 0; padding: 0; background-color: #FAE3C6; color: #5A4630; }\n        header { background: #E8C1A0; color: white; text-align: center; padding: 20px; font-size: 24px; font-weight: bold; }\n        section { padding: 40px; text-align: center; }\n        .container { max-width: 800px; margin: auto; background: white; padding: 20px; border-radius: 10px; box-shadow: 0 4px 10px rgba(0,0,0,0.1); }\n        footer { background: #5A4630; color: white; text-align: center; padding: 15px; font-size: 14px; }\n        a { color: #B86F50; text-decoration: none; font-weight: bold; }\n        a:hover { text-decoration: underline; }\n    <\/style>\n<\/head>\n<body>\n    <header>\n        <h1>Bienvenue chez Doce Tentation<\/h1>\n        <p>P\u00e2tisserie portugaise authentique, fabriqu\u00e9e avec amour \u00e0 Luxembourg<\/p>\n    <\/header>\n    \n    <section class=\"container\">\n    <h2>D\u00e9couvrez le meilleur de la p\u00e2tisserie portugaise<\/h2>\n    <p>Avec des ann\u00e9es de tradition, nous apportons l'authentique saveur portugaise \u00e0 Luxembourg.<\/p>\n    <p><a href=\"https:\/\/docetentation.com\/lux4\/a-propos-de-nous\/\">En savoir plus sur nous<\/a><\/p>\n    <p><a href=\"https:\/\/docetentation.com\/lux4\/nos-patisseries\/\">D\u00e9couvrez nos \u00e9tablissements<\/a><\/p>\n    <p><a href=\"https:\/\/docetentation.com\/lux4\/contact\/\">Contactez-nous<\/a><\/p>\n<\/section>\n\n    <\/section>\n    \n    <footer>\n    <p>&copy; 2025 Doce Tenta\u00e7\u00e3o - Luxembourg | Tous droits r\u00e9serv\u00e9s | D\u00e9velopp\u00e9 par \n        <a href=\"https:\/\/www.alphalogiciel.com\" target=\"_blank\" rel=\"noopener noreferrer\">Alpha Logiciel<\/a>\n    <\/p>\n<\/footer>\n<\/body>\n<\/html>\n\t\t\t\t<\/div>\n\t\t\t\t<\/div>\n\t\t\t\t\t<\/div>\n\t\t\t\t<\/div>\n\t\t\t\t<\/div>\n\t\t","protected":false},"excerpt":{"rendered":"<p>Doce Tentation &#8211; Accueil Bienvenue chez Doce Tentation P\u00e2tisserie portugaise authentique, fabriqu\u00e9e avec amour \u00e0 Luxembourg D\u00e9couvrez le meilleur de [&hellip;]<\/p>\n","protected":false},"author":1,"featured_media":0,"parent":0,"menu_order":0,"comment_status":"closed","ping_status":"open","template":"elementor_canvas","meta":{"site-sidebar-layout":"default","site-content-layout":"","ast-site-content-layout":"","site-content-style":"default","site-sidebar-style":"default","ast-global-header-display":"","ast-banner-title-visibility":"","ast-main-header-display":"","ast-hfb-above-header-display":"","ast-hfb-below-header-display":"","ast-hfb-mobile-header-display":"","site-post-title":"","ast-breadcrumbs-content":"","ast-featured-img":"","footer-sml-layout":"","theme-transparent-header-meta":"","adv-header-id-meta":"","stick-header-meta":"","header-above-stick-meta":"","header-main-stick-meta":"","header-below-stick-meta":"","astra-migrate-meta-layouts":"default","ast-page-background-enabled":"default","ast-page-background-meta":{"desktop":{"background-color":"var(--ast-global-color-5)","background-image":"","background-repeat":"repeat","background-position":"center center","background-size":"auto","background-attachment":"scroll","background-type":"","background-media":"","overlay-type":"","overlay-color":"","overlay-opacity":"","overlay-gradient":""},"tablet":{"background-color":"","background-image":"","background-repeat":"repeat","background-position":"center center","background-size":"auto","background-attachment":"scroll","background-type":"","background-media":"","overlay-type":"","overlay-color":"","overlay-opacity":"","overlay-gradient":""},"mobile":{"background-color":"","background-image":"","background-repeat":"repeat","background-position":"center center","background-size":"auto","background-attachment":"scroll","background-type":"","background-media":"","overlay-type":"","overlay-color":"","overlay-opacity":"","overlay-gradient":""}},"ast-content-background-meta":{"desktop":{"background-color":"var(--ast-global-color-4)","background-image":"","background-repeat":"repeat","background-position":"center center","background-size":"auto","background-attachment":"scroll","background-type":"","background-media":"","overlay-type":"","overlay-color":"","overlay-opacity":"","overlay-gradient":""},"tablet":{"background-color":"var(--ast-global-color-4)","background-image":"","background-repeat":"repeat","background-position":"center center","background-size":"auto","background-attachment":"scroll","background-type":"","background-media":"","overlay-type":"","overlay-color":"","overlay-opacity":"","overlay-gradient":""},"mobile":{"background-color":"var(--ast-global-color-4)","background-image":"","background-repeat":"repeat","background-position":"center center","background-size":"auto","background-attachment":"scroll","background-type":"","background-media":"","overlay-type":"","overlay-color":"","overlay-opacity":"","overlay-gradient":""}},"footnotes":""},"class_list":["post-2","page","type-page","status-publish","hentry"],"_links":{"self":[{"href":"https:\/\/docetentation.com\/lux4\/wp-json\/wp\/v2\/pages\/2","targetHints":{"allow":["GET"]}}],"collection":[{"href":"https:\/\/docetentation.com\/lux4\/wp-json\/wp\/v2\/pages"}],"about":[{"href":"https:\/\/docetentation.com\/lux4\/wp-json\/wp\/v2\/types\/page"}],"author":[{"embeddable":true,"href":"https:\/\/docetentation.com\/lux4\/wp-json\/wp\/v2\/users\/1"}],"replies":[{"embeddable":true,"href":"https:\/\/docetentation.com\/lux4\/wp-json\/wp\/v2\/comments?post=2"}],"version-history":[{"count":29,"href":"https:\/\/docetentation.com\/lux4\/wp-json\/wp\/v2\/pages\/2\/revisions"}],"predecessor-version":[{"id":157,"href":"https:\/\/docetentation.com\/lux4\/wp-json\/wp\/v2\/pages\/2\/revisions\/157"}],"wp:attachment":[{"href":"https:\/\/docetentation.com\/lux4\/wp-json\/wp\/v2\/media?parent=2"}],"curies":[{"name":"wp","href":"https:\/\/api.w.org\/{rel}","templated":true}]}}